{"id":897,"date":"2018-01-24T12:21:38","date_gmt":"2018-01-24T11:21:38","guid":{"rendered":"https:\/\/www.gliacquerellielba.it\/spiaggia-le-prade\/"},"modified":"2025-02-03T16:31:16","modified_gmt":"2025-02-03T15:31:16","slug":"strand-le-prade","status":"publish","type":"page","link":"https:\/\/www.gliacquerellielba.it\/de\/strand-le-prade\/","title":{"rendered":"Strand Le Prade"},"content":{"rendered":"<div class=\"lpb-clear-section\"><\/div><!-- .lpb-clear-section -->\n\n<div class=\"lpb-page-row\"><!-- .lpb-page-row -->\n<div class=\"lpb-container\"><!-- .lpb-container -->\n<div class=\"lpb-row\"><!-- .lpb-row -->\n\n<div class=\"lpb-col-12 lpb-page-item has-bg\" ><!-- .lpb-page-item -->\n\n<div class=\"lpb-item-image alignment-center\">\n\t\n\t\n\t\n<\/div>\n<\/div><!-- \/.lpb-page-item -->\n\n<\/div><!-- \/.lpb-row -->\n<\/div><!-- \/.lpb-container -->\n<\/div><!-- \/.lpb-page-row -->\n\n<div class=\"lpb-page-row\"><!-- .lpb-page-row -->\n<div class=\"lpb-container\"><!-- .lpb-container -->\n<div class=\"lpb-row\"><!-- .lpb-row -->\n\n<div class=\"lpb-col-3 empty-column has-bg\" ><!-- .lpb-page-item -->\n<\/div><!-- \/.lpb-page-item -->\n<div class=\"lpb-col-6 lpb-page-item has-bg\" ><!-- .lpb-page-item -->\n\n<div class=\"lpb-item-column\" >\n\t<div class=\"lpb-item-content\"><div style=\"text-align: center\">\n<h2>Strand mit blick\u00a0<\/h2>\n<h6 style=\"font-family:Montserrat;color:#d16f00\">Auf den golf von Portoferraio<\/h6>\n<div class=\"big\">Strand \u201cLe Prade\u201d Schiopparello Der ruhige Naturstrand \u201cLe Prade\u201d Schiopparello befindet sich im Golf von Portoferraio.<br \/>\nMit einem Pinienhain und Tamarisken ist dies der ideale Platz zum  ausspannen.<br \/>\nEr ist gut zu erreichen und verf\u00fcgt \u00fcber kostenlose Parkpl\u00e4tze.<\/div>\n<\/div>\n<\/div>\n<\/div>\n<\/div><!-- \/.lpb-page-item -->\n<div class=\"lpb-col-3 empty-column has-bg\" ><!-- .lpb-page-item -->\n<\/div><!-- \/.lpb-page-item -->\n\n<\/div><!-- \/.lpb-row -->\n<\/div><!-- \/.lpb-container -->\n<\/div><!-- \/.lpb-page-row -->\n\n<div class=\"lpb-section parallax-no text-dark row-stretch-full columns-gap-no-gap equal-height-no padding-top-no padding-bottom-yes margin-bottom-yes has-bg\" style=\"background-color:#b2eff2;\"  data-stretch=\"full\" data-x=\"50%\"><!-- .lpb-section -->\n\n<div class=\"lpb-page-row\"><!-- .lpb-page-row -->\n<div class=\"lpb-container\"><!-- .lpb-container -->\n<div class=\"lpb-row\"><!-- .lpb-row -->\n\n<div class=\"lpb-col-12 lpb-page-item has-bg\" ><!-- .lpb-page-item -->\n\t\t<div class=\"lpb-carousel-images\">\n\n\t\t\t<div class=\"owl-carousel three-cols-layout\" data-cols=\"3\" data-speed=\"7000\">\n\t\t\t\t\n\t\t\t\t\t<div class=\"lpb-carousel-item item\"><\/div>\n\n\t\t\t\t\t\n\t\t\t\t\t<div class=\"lpb-carousel-item item\"><\/div>\n\n\t\t\t\t\t\n\t\t\t\t\t<div class=\"lpb-carousel-item item\"><\/div>\n\n\t\t\t\t\t\n\t\t\t\t\t<div class=\"lpb-carousel-item item\"><\/div>\n\n\t\t\t\t\t\n\t\t\t<\/div>\n\n\t\t\t\n\t\t<\/div>\n\n\t<\/div><!-- \/.lpb-page-item -->\n<\/div><!-- \/.lpb-row -->\n<\/div><!-- \/.lpb-container -->\n<\/div><!-- \/.lpb-page-row -->\n\n<\/div><!-- \/.lpb-section -->\n\n","protected":false},"excerpt":{"rendered":"<p>Strand mit blick\u00a0 Auf den golf von Portoferraio Strand \u201cLe Prade\u201d Schiopparello Der ruhige Naturstrand \u201cLe Prade\u201d Schiopparello befindet sich im Golf von Portoferraio. Mit einem Pinienhain und Tamarisken ist dies der ideale Platz zum ausspannen. Er ist gut zu erreichen und verf\u00fcgt \u00fcber kostenlose Parkpl\u00e4tze.<\/p>\n","protected":false},"author":2,"featured_media":0,"parent":0,"menu_order":0,"comment_status":"closed","ping_status":"closed","template":"","meta":{"footnotes":""},"class_list":["post-897","page","type-page","status-publish","hentry"],"yoast_head":"<!-- This site is optimized with the Yoast SEO plugin v26.7 - https:\/\/yoast.com\/wordpress\/plugins\/seo\/ -->\n<title>Strand Le Prade<\/title>\n<meta name=\"description\" content=\"Der Strand von Le Prade oder Schiopparello besteht aus Kies und Sand und befindet sich gegen\u00fcber dem Golf von Portoferraio.\" \/>\n<meta name=\"robots\" content=\"index, follow, max-snippet:-1, max-image-preview:large, max-video-preview:-1\" \/>\n<link rel=\"canonical\" href=\"https:\/\/www.gliacquerellielba.it\/de\/strand-le-prade\/\" \/>\n<meta property=\"og:locale\" content=\"de_DE\" \/>\n<meta property=\"og:type\" content=\"article\" \/>\n<meta property=\"og:title\" content=\"Strand Le Prade\" \/>\n<meta property=\"og:description\" content=\"Der Strand von Le Prade oder Schiopparello besteht aus Kies und Sand und befindet sich gegen\u00fcber dem Golf von Portoferraio.\" \/>\n<meta property=\"og:url\" content=\"https:\/\/www.gliacquerellielba.it\/de\/strand-le-prade\/\" \/>\n<meta property=\"og:site_name\" content=\"Hotel Gli Acquerelli\" \/>\n<meta property=\"article:modified_time\" content=\"2025-02-03T15:31:16+00:00\" \/>\n<meta name=\"twitter:card\" content=\"summary_large_image\" \/>\n<meta name=\"twitter:label1\" content=\"Gesch\u00e4tzte Lesezeit\" \/>\n\t<meta name=\"twitter:data1\" content=\"1\u00a0Minute\" \/>\n<script type=\"application\/ld+json\" class=\"yoast-schema-graph\">{\"@context\":\"https:\/\/schema.org\",\"@graph\":[{\"@type\":\"WebPage\",\"@id\":\"https:\/\/www.gliacquerellielba.it\/de\/strand-le-prade\/\",\"url\":\"https:\/\/www.gliacquerellielba.it\/de\/strand-le-prade\/\",\"name\":\"Strand Le Prade\",\"isPartOf\":{\"@id\":\"https:\/\/www.gliacquerellielba.it\/#website\"},\"datePublished\":\"2018-01-24T11:21:38+00:00\",\"dateModified\":\"2025-02-03T15:31:16+00:00\",\"description\":\"Der Strand von Le Prade oder Schiopparello besteht aus Kies und Sand und befindet sich gegen\u00fcber dem Golf von Portoferraio.\",\"breadcrumb\":{\"@id\":\"https:\/\/www.gliacquerellielba.it\/de\/strand-le-prade\/#breadcrumb\"},\"inLanguage\":\"de\",\"potentialAction\":[{\"@type\":\"ReadAction\",\"target\":[\"https:\/\/www.gliacquerellielba.it\/de\/strand-le-prade\/\"]}]},{\"@type\":\"BreadcrumbList\",\"@id\":\"https:\/\/www.gliacquerellielba.it\/de\/strand-le-prade\/#breadcrumb\",\"itemListElement\":[{\"@type\":\"ListItem\",\"position\":1,\"name\":\"Home\",\"item\":\"https:\/\/www.gliacquerellielba.it\/de\/\"},{\"@type\":\"ListItem\",\"position\":2,\"name\":\"Strand Le Prade\"}]},{\"@type\":\"WebSite\",\"@id\":\"https:\/\/www.gliacquerellielba.it\/#website\",\"url\":\"https:\/\/www.gliacquerellielba.it\/\",\"name\":\"Hotel Gli Acquerelli\",\"description\":\"Bed &amp; Breakfast all&#039;Isola d&#039;Elba\",\"potentialAction\":[{\"@type\":\"SearchAction\",\"target\":{\"@type\":\"EntryPoint\",\"urlTemplate\":\"https:\/\/www.gliacquerellielba.it\/?s={search_term_string}\"},\"query-input\":{\"@type\":\"PropertyValueSpecification\",\"valueRequired\":true,\"valueName\":\"search_term_string\"}}],\"inLanguage\":\"de\"}]}<\/script>\n<!-- \/ Yoast SEO plugin. -->","yoast_head_json":{"title":"Strand Le Prade","description":"Der Strand von Le Prade oder Schiopparello besteht aus Kies und Sand und befindet sich gegen\u00fcber dem Golf von Portoferraio.","robots":{"index":"index","follow":"follow","max-snippet":"max-snippet:-1","max-image-preview":"max-image-preview:large","max-video-preview":"max-video-preview:-1"},"canonical":"https:\/\/www.gliacquerellielba.it\/de\/strand-le-prade\/","og_locale":"de_DE","og_type":"article","og_title":"Strand Le Prade","og_description":"Der Strand von Le Prade oder Schiopparello besteht aus Kies und Sand und befindet sich gegen\u00fcber dem Golf von Portoferraio.","og_url":"https:\/\/www.gliacquerellielba.it\/de\/strand-le-prade\/","og_site_name":"Hotel Gli Acquerelli","article_modified_time":"2025-02-03T15:31:16+00:00","twitter_card":"summary_large_image","twitter_misc":{"Gesch\u00e4tzte Lesezeit":"1\u00a0Minute"},"schema":{"@context":"https:\/\/schema.org","@graph":[{"@type":"WebPage","@id":"https:\/\/www.gliacquerellielba.it\/de\/strand-le-prade\/","url":"https:\/\/www.gliacquerellielba.it\/de\/strand-le-prade\/","name":"Strand Le Prade","isPartOf":{"@id":"https:\/\/www.gliacquerellielba.it\/#website"},"datePublished":"2018-01-24T11:21:38+00:00","dateModified":"2025-02-03T15:31:16+00:00","description":"Der Strand von Le Prade oder Schiopparello besteht aus Kies und Sand und befindet sich gegen\u00fcber dem Golf von Portoferraio.","breadcrumb":{"@id":"https:\/\/www.gliacquerellielba.it\/de\/strand-le-prade\/#breadcrumb"},"inLanguage":"de","potentialAction":[{"@type":"ReadAction","target":["https:\/\/www.gliacquerellielba.it\/de\/strand-le-prade\/"]}]},{"@type":"BreadcrumbList","@id":"https:\/\/www.gliacquerellielba.it\/de\/strand-le-prade\/#breadcrumb","itemListElement":[{"@type":"ListItem","position":1,"name":"Home","item":"https:\/\/www.gliacquerellielba.it\/de\/"},{"@type":"ListItem","position":2,"name":"Strand Le Prade"}]},{"@type":"WebSite","@id":"https:\/\/www.gliacquerellielba.it\/#website","url":"https:\/\/www.gliacquerellielba.it\/","name":"Hotel Gli Acquerelli","description":"Bed &amp; Breakfast all&#039;Isola d&#039;Elba","potentialAction":[{"@type":"SearchAction","target":{"@type":"EntryPoint","urlTemplate":"https:\/\/www.gliacquerellielba.it\/?s={search_term_string}"},"query-input":{"@type":"PropertyValueSpecification","valueRequired":true,"valueName":"search_term_string"}}],"inLanguage":"de"}]}},"_links":{"self":[{"href":"https:\/\/www.gliacquerellielba.it\/de\/wp-json\/wp\/v2\/pages\/897","targetHints":{"allow":["GET"]}}],"collection":[{"href":"https:\/\/www.gliacquerellielba.it\/de\/wp-json\/wp\/v2\/pages"}],"about":[{"href":"https:\/\/www.gliacquerellielba.it\/de\/wp-json\/wp\/v2\/types\/page"}],"author":[{"embeddable":true,"href":"https:\/\/www.gliacquerellielba.it\/de\/wp-json\/wp\/v2\/users\/2"}],"replies":[{"embeddable":true,"href":"https:\/\/www.gliacquerellielba.it\/de\/wp-json\/wp\/v2\/comments?post=897"}],"version-history":[{"count":5,"href":"https:\/\/www.gliacquerellielba.it\/de\/wp-json\/wp\/v2\/pages\/897\/revisions"}],"predecessor-version":[{"id":1425,"href":"https:\/\/www.gliacquerellielba.it\/de\/wp-json\/wp\/v2\/pages\/897\/revisions\/1425"}],"wp:attachment":[{"href":"https:\/\/www.gliacquerellielba.it\/de\/wp-json\/wp\/v2\/media?parent=897"}],"curies":[{"name":"wp","href":"https:\/\/api.w.org\/{rel}","templated":true}]}}