{"id":893,"date":"2018-01-24T12:49:49","date_gmt":"2018-01-24T11:49:49","guid":{"rendered":"https:\/\/www.gliacquerellielba.it\/el-sombrero\/"},"modified":"2025-02-03T15:24:58","modified_gmt":"2025-02-03T14:24:58","slug":"el-sombrero","status":"publish","type":"page","link":"https:\/\/www.gliacquerellielba.it\/de\/el-sombrero\/","title":{"rendered":"El Sombrero"},"content":{"rendered":"<div class=\"lpb-clear-section\"><\/div><!-- .lpb-clear-section -->\n\n<div class=\"lpb-page-row\"><!-- .lpb-page-row -->\n<div class=\"lpb-container\"><!-- .lpb-container -->\n<div class=\"lpb-row\"><!-- .lpb-row -->\n\n<div class=\"lpb-col-12 lpb-page-item has-bg\" ><!-- .lpb-page-item -->\n\t\t<div class=\"lpb-carousel-images\">\n\n\t\t\t<div class=\"owl-carousel three-cols-layout\" data-cols=\"3\" data-speed=\"7000\">\n\t\t\t\t\n\t\t\t\t\t<div class=\"lpb-carousel-item item\"><\/div>\n\n\t\t\t\t\t\n\t\t\t\t\t<div class=\"lpb-carousel-item item\"><\/div>\n\n\t\t\t\t\t\n\t\t\t\t\t<div class=\"lpb-carousel-item item\"><\/div>\n\n\t\t\t\t\t\n\t\t\t\t\t<div class=\"lpb-carousel-item item\"><\/div>\n\n\t\t\t\t\t\n\t\t\t\t\t<div class=\"lpb-carousel-item item\"><\/div>\n\n\t\t\t\t\t\n\t\t\t<\/div>\n\n\t\t\t\n\t\t<\/div>\n\n\t<\/div><!-- \/.lpb-page-item -->\n\n<\/div><!-- \/.lpb-row -->\n<\/div><!-- \/.lpb-container -->\n<\/div><!-- \/.lpb-page-row -->\n\n<div class=\"lpb-page-row\"><!-- .lpb-page-row -->\n<div class=\"lpb-container\"><!-- .lpb-container -->\n<div class=\"lpb-row\"><!-- .lpb-row -->\n\n<div class=\"lpb-col-3 empty-column has-bg\" ><!-- .lpb-page-item -->\n<\/div><!-- \/.lpb-page-item -->\n<div class=\"lpb-col-6 lpb-page-item has-bg\" ><!-- .lpb-page-item -->\n\n<div class=\"lpb-item-column\" >\n\t<div class=\"lpb-item-content\"><div style=\"text-align: center\">\n<h2>STRAND LE PRADE<\/h2>\n<h6 style=\"font-family:Montserrat;color:#d16f00\">INSEL ELBA<\/h6>\n<div class=\"big\">In unserer Strandanlage \u201cEl Sombrero\u201d finden Sie Duschen und WC, Sonnenschirme und  Liegest\u00fchle, sowie  Tretboot- und Kanuverleih. Haustiere sind willkommen. Bei k\u00fchlen Getr\u00e4nken und verschiedenen Snacks k\u00f6nnen Sie in unserer  Strandbar Ihren Urlaub genie\u00dfen.<\/div>\n<\/div>\n<\/div>\n<\/div>\n<\/div><!-- \/.lpb-page-item -->\n<div class=\"lpb-col-3 empty-column has-bg\" ><!-- .lpb-page-item -->\n<\/div><!-- \/.lpb-page-item -->\n\n<\/div><!-- \/.lpb-row -->\n<\/div><!-- \/.lpb-container -->\n<\/div><!-- \/.lpb-page-row -->\n\n<div class=\"lpb-section parallax-no text-dark row-stretch-default columns-gap-default equal-height-no padding-top-yes padding-bottom-yes margin-bottom-yes has-bg\" style=\"background-color:#e6efe9;\"  data-stretch=\"full\" data-x=\"50%\"><!-- .lpb-section -->\n\n<div class=\"lpb-page-row\"><!-- .lpb-page-row -->\n<div class=\"lpb-container\"><!-- .lpb-container -->\n<div class=\"lpb-row\"><!-- .lpb-row -->\n\n<div class=\"lpb-col-3 empty-column has-bg\" ><!-- .lpb-page-item -->\n<\/div><!-- \/.lpb-page-item -->\n<div class=\"lpb-col-3 lpb-page-item has-bg\" ><!-- .lpb-page-item -->\n\n<div class=\"lpb-item-column\" >\n\t<div class=\"lpb-item-content\"><p><img src=\"https:\/\/www.gliacquerellielba.it\/wp-content\/uploads\/2018\/01\/el-sombrero-195X140.png\"><\/p>\n<\/div>\n<\/div>\n<\/div><!-- \/.lpb-page-item -->\n<div class=\"lpb-col-3 lpb-page-item has-bg\" ><!-- .lpb-page-item -->\n\n<div class=\"lpb-item-column\" >\n\t<div class=\"lpb-item-content\"><div style=\"text-align: center\">\n<div class=\"big\">\n<h2>Dienstleistungen El Sombrero<\/h2>\n<p style=\"color:#074360\">Vermietung von Sonnenschirmen und Liegen<br \/>\nBar<br \/>\nVermietung von Kanus und Tretbooten<br \/>\nKostenlose Parkpl\u00e4tze<\/p>\n<\/div>\n<\/div>\n<\/div>\n<\/div>\n<\/div><!-- \/.lpb-page-item -->\n<div class=\"lpb-col-3 empty-column has-bg\" ><!-- .lpb-page-item -->\n<\/div><!-- \/.lpb-page-item -->\n<\/div><!-- \/.lpb-row -->\n<\/div><!-- \/.lpb-container -->\n<\/div><!-- \/.lpb-page-row -->\n\n<\/div><!-- \/.lpb-section -->\n\n","protected":false},"excerpt":{"rendered":"<p>STRAND LE PRADE INSEL ELBA In unserer Strandanlage \u201cEl Sombrero\u201d finden Sie Duschen und WC, Sonnenschirme und Liegest\u00fchle, sowie Tretboot- und Kanuverleih. Haustiere sind willkommen. Bei k\u00fchlen Getr\u00e4nken und verschiedenen Snacks k\u00f6nnen Sie in unserer Strandbar Ihren Urlaub genie\u00dfen. Dienstleistungen El Sombrero Vermietung von Sonnenschirmen und Liegen Bar Vermietung von Kanus und Tretbooten Kostenlose Parkpl\u00e4tze<\/p>\n","protected":false},"author":2,"featured_media":0,"parent":0,"menu_order":0,"comment_status":"closed","ping_status":"closed","template":"","meta":{"footnotes":""},"class_list":["post-893","page","type-page","status-publish","hentry"],"yoast_head":"<!-- This site is optimized with the Yoast SEO plugin v26.7 - https:\/\/yoast.com\/wordpress\/plugins\/seo\/ -->\n<title>El Sombrero Hotel Gli Acquerelli - Isola d&#039;Elba<\/title>\n<meta name=\"description\" content=\"Am Strand gibt es einen Sonnenschirm- und Liegestuhlverleih, eine Bar, Duschen und Toiletten sowie einen Kanu- und Tretbootverleih im kleinen Strandbad El Sombrero.\" \/>\n<meta name=\"robots\" content=\"index, follow, max-snippet:-1, max-image-preview:large, max-video-preview:-1\" \/>\n<link rel=\"canonical\" href=\"https:\/\/www.gliacquerellielba.it\/de\/el-sombrero\/\" \/>\n<meta property=\"og:locale\" content=\"de_DE\" \/>\n<meta property=\"og:type\" content=\"article\" \/>\n<meta property=\"og:title\" content=\"El Sombrero Hotel Gli Acquerelli - Isola d&#039;Elba\" \/>\n<meta property=\"og:description\" content=\"Am Strand gibt es einen Sonnenschirm- und Liegestuhlverleih, eine Bar, Duschen und Toiletten sowie einen Kanu- und Tretbootverleih im kleinen Strandbad El Sombrero.\" \/>\n<meta property=\"og:url\" content=\"https:\/\/www.gliacquerellielba.it\/de\/el-sombrero\/\" \/>\n<meta property=\"og:site_name\" content=\"Hotel Gli Acquerelli\" \/>\n<meta property=\"article:modified_time\" content=\"2025-02-03T14:24:58+00:00\" \/>\n<meta property=\"og:image\" content=\"https:\/\/www.gliacquerellielba.it\/wp-content\/uploads\/2018\/01\/el-sombrero-195X140.png\" \/>\n<meta name=\"twitter:card\" content=\"summary_large_image\" \/>\n<meta name=\"twitter:label1\" content=\"Gesch\u00e4tzte Lesezeit\" \/>\n\t<meta name=\"twitter:data1\" content=\"1\u00a0Minute\" \/>\n<script type=\"application\/ld+json\" class=\"yoast-schema-graph\">{\"@context\":\"https:\/\/schema.org\",\"@graph\":[{\"@type\":\"WebPage\",\"@id\":\"https:\/\/www.gliacquerellielba.it\/de\/el-sombrero\/\",\"url\":\"https:\/\/www.gliacquerellielba.it\/de\/el-sombrero\/\",\"name\":\"El Sombrero Hotel Gli Acquerelli - Isola d'Elba\",\"isPartOf\":{\"@id\":\"https:\/\/www.gliacquerellielba.it\/#website\"},\"primaryImageOfPage\":{\"@id\":\"https:\/\/www.gliacquerellielba.it\/de\/el-sombrero\/#primaryimage\"},\"image\":{\"@id\":\"https:\/\/www.gliacquerellielba.it\/de\/el-sombrero\/#primaryimage\"},\"thumbnailUrl\":\"https:\/\/www.gliacquerellielba.it\/wp-content\/uploads\/2018\/01\/el-sombrero-195X140.png\",\"datePublished\":\"2018-01-24T11:49:49+00:00\",\"dateModified\":\"2025-02-03T14:24:58+00:00\",\"description\":\"Am Strand gibt es einen Sonnenschirm- und Liegestuhlverleih, eine Bar, Duschen und Toiletten sowie einen Kanu- und Tretbootverleih im kleinen Strandbad El Sombrero.\",\"breadcrumb\":{\"@id\":\"https:\/\/www.gliacquerellielba.it\/de\/el-sombrero\/#breadcrumb\"},\"inLanguage\":\"de\",\"potentialAction\":[{\"@type\":\"ReadAction\",\"target\":[\"https:\/\/www.gliacquerellielba.it\/de\/el-sombrero\/\"]}]},{\"@type\":\"ImageObject\",\"inLanguage\":\"de\",\"@id\":\"https:\/\/www.gliacquerellielba.it\/de\/el-sombrero\/#primaryimage\",\"url\":\"https:\/\/www.gliacquerellielba.it\/wp-content\/uploads\/2018\/01\/el-sombrero-195X140.png\",\"contentUrl\":\"https:\/\/www.gliacquerellielba.it\/wp-content\/uploads\/2018\/01\/el-sombrero-195X140.png\"},{\"@type\":\"BreadcrumbList\",\"@id\":\"https:\/\/www.gliacquerellielba.it\/de\/el-sombrero\/#breadcrumb\",\"itemListElement\":[{\"@type\":\"ListItem\",\"position\":1,\"name\":\"Home\",\"item\":\"https:\/\/www.gliacquerellielba.it\/de\/\"},{\"@type\":\"ListItem\",\"position\":2,\"name\":\"El Sombrero\"}]},{\"@type\":\"WebSite\",\"@id\":\"https:\/\/www.gliacquerellielba.it\/#website\",\"url\":\"https:\/\/www.gliacquerellielba.it\/\",\"name\":\"Hotel Gli Acquerelli\",\"description\":\"Bed &amp; Breakfast all&#039;Isola d&#039;Elba\",\"potentialAction\":[{\"@type\":\"SearchAction\",\"target\":{\"@type\":\"EntryPoint\",\"urlTemplate\":\"https:\/\/www.gliacquerellielba.it\/?s={search_term_string}\"},\"query-input\":{\"@type\":\"PropertyValueSpecification\",\"valueRequired\":true,\"valueName\":\"search_term_string\"}}],\"inLanguage\":\"de\"}]}<\/script>\n<!-- \/ Yoast SEO plugin. -->","yoast_head_json":{"title":"El Sombrero Hotel Gli Acquerelli - Isola d'Elba","description":"Am Strand gibt es einen Sonnenschirm- und Liegestuhlverleih, eine Bar, Duschen und Toiletten sowie einen Kanu- und Tretbootverleih im kleinen Strandbad El Sombrero.","robots":{"index":"index","follow":"follow","max-snippet":"max-snippet:-1","max-image-preview":"max-image-preview:large","max-video-preview":"max-video-preview:-1"},"canonical":"https:\/\/www.gliacquerellielba.it\/de\/el-sombrero\/","og_locale":"de_DE","og_type":"article","og_title":"El Sombrero Hotel Gli Acquerelli - Isola d'Elba","og_description":"Am Strand gibt es einen Sonnenschirm- und Liegestuhlverleih, eine Bar, Duschen und Toiletten sowie einen Kanu- und Tretbootverleih im kleinen Strandbad El Sombrero.","og_url":"https:\/\/www.gliacquerellielba.it\/de\/el-sombrero\/","og_site_name":"Hotel Gli Acquerelli","article_modified_time":"2025-02-03T14:24:58+00:00","og_image":[{"url":"https:\/\/www.gliacquerellielba.it\/wp-content\/uploads\/2018\/01\/el-sombrero-195X140.png","type":"","width":"","height":""}],"twitter_card":"summary_large_image","twitter_misc":{"Gesch\u00e4tzte Lesezeit":"1\u00a0Minute"},"schema":{"@context":"https:\/\/schema.org","@graph":[{"@type":"WebPage","@id":"https:\/\/www.gliacquerellielba.it\/de\/el-sombrero\/","url":"https:\/\/www.gliacquerellielba.it\/de\/el-sombrero\/","name":"El Sombrero Hotel Gli Acquerelli - Isola d'Elba","isPartOf":{"@id":"https:\/\/www.gliacquerellielba.it\/#website"},"primaryImageOfPage":{"@id":"https:\/\/www.gliacquerellielba.it\/de\/el-sombrero\/#primaryimage"},"image":{"@id":"https:\/\/www.gliacquerellielba.it\/de\/el-sombrero\/#primaryimage"},"thumbnailUrl":"https:\/\/www.gliacquerellielba.it\/wp-content\/uploads\/2018\/01\/el-sombrero-195X140.png","datePublished":"2018-01-24T11:49:49+00:00","dateModified":"2025-02-03T14:24:58+00:00","description":"Am Strand gibt es einen Sonnenschirm- und Liegestuhlverleih, eine Bar, Duschen und Toiletten sowie einen Kanu- und Tretbootverleih im kleinen Strandbad El Sombrero.","breadcrumb":{"@id":"https:\/\/www.gliacquerellielba.it\/de\/el-sombrero\/#breadcrumb"},"inLanguage":"de","potentialAction":[{"@type":"ReadAction","target":["https:\/\/www.gliacquerellielba.it\/de\/el-sombrero\/"]}]},{"@type":"ImageObject","inLanguage":"de","@id":"https:\/\/www.gliacquerellielba.it\/de\/el-sombrero\/#primaryimage","url":"https:\/\/www.gliacquerellielba.it\/wp-content\/uploads\/2018\/01\/el-sombrero-195X140.png","contentUrl":"https:\/\/www.gliacquerellielba.it\/wp-content\/uploads\/2018\/01\/el-sombrero-195X140.png"},{"@type":"BreadcrumbList","@id":"https:\/\/www.gliacquerellielba.it\/de\/el-sombrero\/#breadcrumb","itemListElement":[{"@type":"ListItem","position":1,"name":"Home","item":"https:\/\/www.gliacquerellielba.it\/de\/"},{"@type":"ListItem","position":2,"name":"El Sombrero"}]},{"@type":"WebSite","@id":"https:\/\/www.gliacquerellielba.it\/#website","url":"https:\/\/www.gliacquerellielba.it\/","name":"Hotel Gli Acquerelli","description":"Bed &amp; Breakfast all&#039;Isola d&#039;Elba","potentialAction":[{"@type":"SearchAction","target":{"@type":"EntryPoint","urlTemplate":"https:\/\/www.gliacquerellielba.it\/?s={search_term_string}"},"query-input":{"@type":"PropertyValueSpecification","valueRequired":true,"valueName":"search_term_string"}}],"inLanguage":"de"}]}},"_links":{"self":[{"href":"https:\/\/www.gliacquerellielba.it\/de\/wp-json\/wp\/v2\/pages\/893","targetHints":{"allow":["GET"]}}],"collection":[{"href":"https:\/\/www.gliacquerellielba.it\/de\/wp-json\/wp\/v2\/pages"}],"about":[{"href":"https:\/\/www.gliacquerellielba.it\/de\/wp-json\/wp\/v2\/types\/page"}],"author":[{"embeddable":true,"href":"https:\/\/www.gliacquerellielba.it\/de\/wp-json\/wp\/v2\/users\/2"}],"replies":[{"embeddable":true,"href":"https:\/\/www.gliacquerellielba.it\/de\/wp-json\/wp\/v2\/comments?post=893"}],"version-history":[{"count":5,"href":"https:\/\/www.gliacquerellielba.it\/de\/wp-json\/wp\/v2\/pages\/893\/revisions"}],"predecessor-version":[{"id":1419,"href":"https:\/\/www.gliacquerellielba.it\/de\/wp-json\/wp\/v2\/pages\/893\/revisions\/1419"}],"wp:attachment":[{"href":"https:\/\/www.gliacquerellielba.it\/de\/wp-json\/wp\/v2\/media?parent=893"}],"curies":[{"name":"wp","href":"https:\/\/api.w.org\/{rel}","templated":true}]}}