{"id":1354,"date":"2024-06-12T14:12:13","date_gmt":"2024-06-12T12:12:13","guid":{"rendered":"https:\/\/www.gliacquerellielba.it\/faehrbuchung\/traghettilines\/"},"modified":"2026-02-10T10:57:05","modified_gmt":"2026-02-10T09:57:05","slug":"traghettilines","status":"publish","type":"page","link":"https:\/\/www.gliacquerellielba.it\/de\/faehrbuchung\/traghettilines\/","title":{"rendered":"Traghettilines"},"content":{"rendered":"<div style=\"margin-left:auto;margin-right:auto;width:100%\">\n    <iframe id=\"tlines\" src=\"https:\/\/www.misterferry.de\/de\/faehren-insel-elba.aspx?UAID=590733&#038;iframe_booking=true\" style=\"border:0px;width:100%;min-height:664px\" class=\"tlines_frame\" scrolling=\"no\"><\/iframe><\/p>\n<p style=\"font-size:11px;margin:auto;font-family:Verdana;width:100%;color:#666;margin-bottom:12px;text-align:center\">\n        Servizio traghetti a cura di<br \/>\n        <a href=\"https:\/\/www.traghettilines.it?UAID=590733\" rel=\"nofollow\" target=\"_blank\" style=\"color:#666;text-decoration:none\">Traghettilines<\/a>\n    <\/p>\n<p>    <script type=\"text\/javascript\" src=\"https:\/\/cdn.traghettilines.it\/new\/js\/tlines_resp.min.js\"><\/script>\n<\/div>\n","protected":false},"excerpt":{"rendered":"<p>Servizio traghetti a cura di Traghettilines<\/p>\n","protected":false},"author":2,"featured_media":0,"parent":888,"menu_order":0,"comment_status":"closed","ping_status":"closed","template":"","meta":{"footnotes":""},"class_list":["post-1354","page","type-page","status-publish","hentry"],"yoast_head":"<!-- This site is optimized with the Yoast SEO plugin v26.7 - https:\/\/yoast.com\/wordpress\/plugins\/seo\/ -->\n<title>Traghettilines - Hotel Gli Acquerelli<\/title>\n<meta name=\"description\" content=\"Das Hotel Gli Acquerelli bietet verg\u00fcnstigte Tarife und Aktionen f\u00fcr F\u00e4hrverbindungen: Moby, Toremar, Elba Ferries und Blunavy.\" \/>\n<meta name=\"robots\" content=\"index, follow, max-snippet:-1, max-image-preview:large, max-video-preview:-1\" \/>\n<link rel=\"canonical\" href=\"https:\/\/www.gliacquerellielba.it\/de\/faehrbuchung\/traghettilines\/\" \/>\n<meta property=\"og:locale\" content=\"de_DE\" \/>\n<meta property=\"og:type\" content=\"article\" \/>\n<meta property=\"og:title\" content=\"Traghettilines - Hotel Gli Acquerelli\" \/>\n<meta property=\"og:description\" content=\"Das Hotel Gli Acquerelli bietet verg\u00fcnstigte Tarife und Aktionen f\u00fcr F\u00e4hrverbindungen: Moby, Toremar, Elba Ferries und Blunavy.\" \/>\n<meta property=\"og:url\" content=\"https:\/\/www.gliacquerellielba.it\/de\/faehrbuchung\/traghettilines\/\" \/>\n<meta property=\"og:site_name\" content=\"Hotel Gli Acquerelli\" \/>\n<meta property=\"article:modified_time\" content=\"2026-02-10T09:57:05+00:00\" \/>\n<meta name=\"twitter:card\" content=\"summary_large_image\" \/>\n<meta name=\"twitter:label1\" content=\"Gesch\u00e4tzte Lesezeit\" \/>\n\t<meta name=\"twitter:data1\" content=\"1\u00a0Minute\" \/>\n<script type=\"application\/ld+json\" class=\"yoast-schema-graph\">{\"@context\":\"https:\/\/schema.org\",\"@graph\":[{\"@type\":\"WebPage\",\"@id\":\"https:\/\/www.gliacquerellielba.it\/de\/faehrbuchung\/traghettilines\/\",\"url\":\"https:\/\/www.gliacquerellielba.it\/de\/faehrbuchung\/traghettilines\/\",\"name\":\"Traghettilines - Hotel Gli Acquerelli\",\"isPartOf\":{\"@id\":\"https:\/\/www.gliacquerellielba.it\/#website\"},\"datePublished\":\"2024-06-12T12:12:13+00:00\",\"dateModified\":\"2026-02-10T09:57:05+00:00\",\"description\":\"Das Hotel Gli Acquerelli bietet verg\u00fcnstigte Tarife und Aktionen f\u00fcr F\u00e4hrverbindungen: Moby, Toremar, Elba Ferries und Blunavy.\",\"breadcrumb\":{\"@id\":\"https:\/\/www.gliacquerellielba.it\/de\/faehrbuchung\/traghettilines\/#breadcrumb\"},\"inLanguage\":\"de\",\"potentialAction\":[{\"@type\":\"ReadAction\",\"target\":[\"https:\/\/www.gliacquerellielba.it\/de\/faehrbuchung\/traghettilines\/\"]}]},{\"@type\":\"BreadcrumbList\",\"@id\":\"https:\/\/www.gliacquerellielba.it\/de\/faehrbuchung\/traghettilines\/#breadcrumb\",\"itemListElement\":[{\"@type\":\"ListItem\",\"position\":1,\"name\":\"Home\",\"item\":\"https:\/\/www.gliacquerellielba.it\/de\/\"},{\"@type\":\"ListItem\",\"position\":2,\"name\":\"F\u00e4hrbuchung\",\"item\":\"https:\/\/www.gliacquerellielba.it\/de\/faehrbuchung\/\"},{\"@type\":\"ListItem\",\"position\":3,\"name\":\"Traghettilines\"}]},{\"@type\":\"WebSite\",\"@id\":\"https:\/\/www.gliacquerellielba.it\/#website\",\"url\":\"https:\/\/www.gliacquerellielba.it\/\",\"name\":\"Hotel Gli Acquerelli\",\"description\":\"Bed &amp; Breakfast all&#039;Isola d&#039;Elba\",\"potentialAction\":[{\"@type\":\"SearchAction\",\"target\":{\"@type\":\"EntryPoint\",\"urlTemplate\":\"https:\/\/www.gliacquerellielba.it\/?s={search_term_string}\"},\"query-input\":{\"@type\":\"PropertyValueSpecification\",\"valueRequired\":true,\"valueName\":\"search_term_string\"}}],\"inLanguage\":\"de\"}]}<\/script>\n<!-- \/ Yoast SEO plugin. -->","yoast_head_json":{"title":"Traghettilines - Hotel Gli Acquerelli","description":"Das Hotel Gli Acquerelli bietet verg\u00fcnstigte Tarife und Aktionen f\u00fcr F\u00e4hrverbindungen: Moby, Toremar, Elba Ferries und Blunavy.","robots":{"index":"index","follow":"follow","max-snippet":"max-snippet:-1","max-image-preview":"max-image-preview:large","max-video-preview":"max-video-preview:-1"},"canonical":"https:\/\/www.gliacquerellielba.it\/de\/faehrbuchung\/traghettilines\/","og_locale":"de_DE","og_type":"article","og_title":"Traghettilines - Hotel Gli Acquerelli","og_description":"Das Hotel Gli Acquerelli bietet verg\u00fcnstigte Tarife und Aktionen f\u00fcr F\u00e4hrverbindungen: Moby, Toremar, Elba Ferries und Blunavy.","og_url":"https:\/\/www.gliacquerellielba.it\/de\/faehrbuchung\/traghettilines\/","og_site_name":"Hotel Gli Acquerelli","article_modified_time":"2026-02-10T09:57:05+00:00","twitter_card":"summary_large_image","twitter_misc":{"Gesch\u00e4tzte Lesezeit":"1\u00a0Minute"},"schema":{"@context":"https:\/\/schema.org","@graph":[{"@type":"WebPage","@id":"https:\/\/www.gliacquerellielba.it\/de\/faehrbuchung\/traghettilines\/","url":"https:\/\/www.gliacquerellielba.it\/de\/faehrbuchung\/traghettilines\/","name":"Traghettilines - Hotel Gli Acquerelli","isPartOf":{"@id":"https:\/\/www.gliacquerellielba.it\/#website"},"datePublished":"2024-06-12T12:12:13+00:00","dateModified":"2026-02-10T09:57:05+00:00","description":"Das Hotel Gli Acquerelli bietet verg\u00fcnstigte Tarife und Aktionen f\u00fcr F\u00e4hrverbindungen: Moby, Toremar, Elba Ferries und Blunavy.","breadcrumb":{"@id":"https:\/\/www.gliacquerellielba.it\/de\/faehrbuchung\/traghettilines\/#breadcrumb"},"inLanguage":"de","potentialAction":[{"@type":"ReadAction","target":["https:\/\/www.gliacquerellielba.it\/de\/faehrbuchung\/traghettilines\/"]}]},{"@type":"BreadcrumbList","@id":"https:\/\/www.gliacquerellielba.it\/de\/faehrbuchung\/traghettilines\/#breadcrumb","itemListElement":[{"@type":"ListItem","position":1,"name":"Home","item":"https:\/\/www.gliacquerellielba.it\/de\/"},{"@type":"ListItem","position":2,"name":"F\u00e4hrbuchung","item":"https:\/\/www.gliacquerellielba.it\/de\/faehrbuchung\/"},{"@type":"ListItem","position":3,"name":"Traghettilines"}]},{"@type":"WebSite","@id":"https:\/\/www.gliacquerellielba.it\/#website","url":"https:\/\/www.gliacquerellielba.it\/","name":"Hotel Gli Acquerelli","description":"Bed &amp; Breakfast all&#039;Isola d&#039;Elba","potentialAction":[{"@type":"SearchAction","target":{"@type":"EntryPoint","urlTemplate":"https:\/\/www.gliacquerellielba.it\/?s={search_term_string}"},"query-input":{"@type":"PropertyValueSpecification","valueRequired":true,"valueName":"search_term_string"}}],"inLanguage":"de"}]}},"_links":{"self":[{"href":"https:\/\/www.gliacquerellielba.it\/de\/wp-json\/wp\/v2\/pages\/1354","targetHints":{"allow":["GET"]}}],"collection":[{"href":"https:\/\/www.gliacquerellielba.it\/de\/wp-json\/wp\/v2\/pages"}],"about":[{"href":"https:\/\/www.gliacquerellielba.it\/de\/wp-json\/wp\/v2\/types\/page"}],"author":[{"embeddable":true,"href":"https:\/\/www.gliacquerellielba.it\/de\/wp-json\/wp\/v2\/users\/2"}],"replies":[{"embeddable":true,"href":"https:\/\/www.gliacquerellielba.it\/de\/wp-json\/wp\/v2\/comments?post=1354"}],"version-history":[{"count":2,"href":"https:\/\/www.gliacquerellielba.it\/de\/wp-json\/wp\/v2\/pages\/1354\/revisions"}],"predecessor-version":[{"id":1635,"href":"https:\/\/www.gliacquerellielba.it\/de\/wp-json\/wp\/v2\/pages\/1354\/revisions\/1635"}],"up":[{"embeddable":true,"href":"https:\/\/www.gliacquerellielba.it\/de\/wp-json\/wp\/v2\/pages\/888"}],"wp:attachment":[{"href":"https:\/\/www.gliacquerellielba.it\/de\/wp-json\/wp\/v2\/media?parent=1354"}],"curies":[{"name":"wp","href":"https:\/\/api.w.org\/{rel}","templated":true}]}}